{"id":508,"date":"2020-08-01T20:52:11","date_gmt":"2020-08-01T18:52:11","guid":{"rendered":"http:\/\/localhost\/asebe.cm\/?page_id=508"},"modified":"2021-10-24T13:40:31","modified_gmt":"2021-10-24T11:40:31","slug":"faq","status":"publish","type":"page","link":"https:\/\/sitinn-wallet.com\/en\/faq\/","title":{"rendered":"FAQ"},"content":{"rendered":"<p>Vous trouverez ci-dessous une liste de questions couramment pos\u00e9es par les utilisateurs de Sitinn Wallet. Nous vous conseillons de consulter cette liste afin d&#8217;obtenir les r\u00e9ponses \u00e0 vos questions. Si toutefois, la r\u00e9ponse \u00e0 votre question ne figure pas dans la liste, nous vous recommandons de nous poser votre question \u00e0 travers le formulaire du menu &#8220;Contact&#8221; et nous vous r\u00e9pondrons dans les meilleurs d\u00e9lais.<\/p>","protected":false},"excerpt":{"rendered":"<p>Vous trouverez ci-dessous une liste de questions couramment pos\u00e9es par les utilisateurs de Sitinn Wallet. Nous vous conseillons de consulter cette liste afin d&#8217;obtenir les r\u00e9ponses \u00e0 vos questions. Si toutefois, la r\u00e9ponse \u00e0 votre question ne figure pas dans la liste, nous vous recommandons de nous poser votre question \u00e0 travers le formulaire du [&hellip;]<\/p>\n","protected":false},"author":1,"featured_media":0,"parent":0,"menu_order":0,"comment_status":"closed","ping_status":"closed","template":"faq.php","meta":[],"acf":[],"_links":{"self":[{"href":"https:\/\/sitinn-wallet.com\/en\/wp-json\/wp\/v2\/pages\/508"}],"collection":[{"href":"https:\/\/sitinn-wallet.com\/en\/wp-json\/wp\/v2\/pages"}],"about":[{"href":"https:\/\/sitinn-wallet.com\/en\/wp-json\/wp\/v2\/types\/page"}],"author":[{"embeddable":true,"href":"https:\/\/sitinn-wallet.com\/en\/wp-json\/wp\/v2\/users\/1"}],"replies":[{"embeddable":true,"href":"https:\/\/sitinn-wallet.com\/en\/wp-json\/wp\/v2\/comments?post=508"}],"version-history":[{"count":48,"href":"https:\/\/sitinn-wallet.com\/en\/wp-json\/wp\/v2\/pages\/508\/revisions"}],"predecessor-version":[{"id":1244,"href":"https:\/\/sitinn-wallet.com\/en\/wp-json\/wp\/v2\/pages\/508\/revisions\/1244"}],"wp:attachment":[{"href":"https:\/\/sitinn-wallet.com\/en\/wp-json\/wp\/v2\/media?parent=508"}],"curies":[{"name":"wp","href":"https:\/\/api.w.org\/{rel}","templated":true}]}}