{"id":527,"date":"2020-08-01T22:52:54","date_gmt":"2020-08-01T20:52:54","guid":{"rendered":"http:\/\/localhost\/asebe.cm\/?page_id=527"},"modified":"2021-10-24T14:23:00","modified_gmt":"2021-10-24T12:23:00","slug":"nos-services","status":"publish","type":"page","link":"https:\/\/sitinn-wallet.com\/en\/nos-services\/","title":{"rendered":"Our services"},"content":{"rendered":"<p>Sitinn Wallet est un v\u00e9ritable porte-monnaie \u00e9lectronique qui vous propose dans un m\u00eame endroit plusieurs services innovants.<\/p>\n\n\n<p><\/p>","protected":false},"excerpt":{"rendered":"<p>Sitinn Wallet est un v\u00e9ritable porte-monnaie \u00e9lectronique qui vous propose dans un m\u00eame endroit plusieurs services innovants.<\/p>\n","protected":false},"author":1,"featured_media":0,"parent":0,"menu_order":0,"comment_status":"closed","ping_status":"closed","template":"services.php","meta":[],"acf":[],"_links":{"self":[{"href":"https:\/\/sitinn-wallet.com\/en\/wp-json\/wp\/v2\/pages\/527"}],"collection":[{"href":"https:\/\/sitinn-wallet.com\/en\/wp-json\/wp\/v2\/pages"}],"about":[{"href":"https:\/\/sitinn-wallet.com\/en\/wp-json\/wp\/v2\/types\/page"}],"author":[{"embeddable":true,"href":"https:\/\/sitinn-wallet.com\/en\/wp-json\/wp\/v2\/users\/1"}],"replies":[{"embeddable":true,"href":"https:\/\/sitinn-wallet.com\/en\/wp-json\/wp\/v2\/comments?post=527"}],"version-history":[{"count":44,"href":"https:\/\/sitinn-wallet.com\/en\/wp-json\/wp\/v2\/pages\/527\/revisions"}],"predecessor-version":[{"id":1261,"href":"https:\/\/sitinn-wallet.com\/en\/wp-json\/wp\/v2\/pages\/527\/revisions\/1261"}],"wp:attachment":[{"href":"https:\/\/sitinn-wallet.com\/en\/wp-json\/wp\/v2\/media?parent=527"}],"curies":[{"name":"wp","href":"https:\/\/api.w.org\/{rel}","templated":true}]}}