{"id":7,"date":"2018-09-10T13:17:23","date_gmt":"2018-09-10T11:17:23","guid":{"rendered":"http:\/\/localhost\/acafej\/?page_id=7"},"modified":"2021-10-24T13:26:47","modified_gmt":"2021-10-24T11:26:47","slug":"a-propos","status":"publish","type":"page","link":"https:\/\/sitinn-wallet.com\/en\/a-propos\/","title":{"rendered":"About us"},"content":{"rendered":"<p><\/p>\n<p>Sitinn Wallet est une plateforme \u00e9lectronique exploit\u00e9e par la soci\u00e9t\u00e9 Sitinn SARL. Elle permet \u00e0 ses utilisateurs du monde entier d&#8217;envoyer de l&#8217;argent ou de faire des recharges t\u00e9l\u00e9phoniques \u00e0 destination des pays tels que le Burkina et la C\u00f4te d&#8217;Ivoire.<\/p>","protected":false},"excerpt":{"rendered":"<p>Sitinn Wallet est une plateforme \u00e9lectronique exploit\u00e9e par la soci\u00e9t\u00e9 Sitinn SARL. Elle permet \u00e0 ses utilisateurs du monde entier d&#8217;envoyer de l&#8217;argent ou de faire des recharges t\u00e9l\u00e9phoniques \u00e0 destination des pays tels que le Burkina et la C\u00f4te d&#8217;Ivoire.<\/p>\n","protected":false},"author":1,"featured_media":842,"parent":0,"menu_order":0,"comment_status":"closed","ping_status":"closed","template":"about.php","meta":[],"acf":[],"_links":{"self":[{"href":"https:\/\/sitinn-wallet.com\/en\/wp-json\/wp\/v2\/pages\/7"}],"collection":[{"href":"https:\/\/sitinn-wallet.com\/en\/wp-json\/wp\/v2\/pages"}],"about":[{"href":"https:\/\/sitinn-wallet.com\/en\/wp-json\/wp\/v2\/types\/page"}],"author":[{"embeddable":true,"href":"https:\/\/sitinn-wallet.com\/en\/wp-json\/wp\/v2\/users\/1"}],"replies":[{"embeddable":true,"href":"https:\/\/sitinn-wallet.com\/en\/wp-json\/wp\/v2\/comments?post=7"}],"version-history":[{"count":86,"href":"https:\/\/sitinn-wallet.com\/en\/wp-json\/wp\/v2\/pages\/7\/revisions"}],"predecessor-version":[{"id":1236,"href":"https:\/\/sitinn-wallet.com\/en\/wp-json\/wp\/v2\/pages\/7\/revisions\/1236"}],"wp:featuredmedia":[{"embeddable":true,"href":"https:\/\/sitinn-wallet.com\/en\/wp-json\/wp\/v2\/media\/842"}],"wp:attachment":[{"href":"https:\/\/sitinn-wallet.com\/en\/wp-json\/wp\/v2\/media?parent=7"}],"curies":[{"name":"wp","href":"https:\/\/api.w.org\/{rel}","templated":true}]}}